{"id":144,"date":"2021-04-17T20:13:28","date_gmt":"2021-04-17T18:13:28","guid":{"rendered":"https:\/\/www.miller-pressen.de\/?page_id=144"},"modified":"2022-10-04T15:05:04","modified_gmt":"2022-10-04T13:05:04","slug":"werkzeugsatz","status":"publish","type":"page","link":"https:\/\/www.miller-pressen.de\/?page_id=144","title":{"rendered":"Werkzeugsatz"},"content":{"rendered":"\n<h5 class=\"wp-block-heading\">33 teiliger Werkzeusatz f\u00fcr die meisten Standard Clinch Fasteners, bzw. Einpresselemente inklusive einer J-Werkzeugaufnahme f\u00fcr schwer zug\u00e4ngliche Einpresspositionen<\/h5>\n\n\n<div class=\"wp-block-image\">\n<figure class=\"aligncenter size-large\"><img loading=\"lazy\" decoding=\"async\" width=\"1024\" height=\"683\" src=\"https:\/\/www.miller-pressen.de\/wp-content\/uploads\/2022\/10\/WerkzeugsatzKoffer-1024x683.jpg\" alt=\"\" class=\"wp-image-251\" srcset=\"https:\/\/www.miller-pressen.de\/wp-content\/uploads\/2022\/10\/WerkzeugsatzKoffer-1024x683.jpg 1024w, https:\/\/www.miller-pressen.de\/wp-content\/uploads\/2022\/10\/WerkzeugsatzKoffer-300x200.jpg 300w, https:\/\/www.miller-pressen.de\/wp-content\/uploads\/2022\/10\/WerkzeugsatzKoffer-768x512.jpg 768w, https:\/\/www.miller-pressen.de\/wp-content\/uploads\/2022\/10\/WerkzeugsatzKoffer.jpg 1152w\" sizes=\"auto, (max-width: 1024px) 100vw, 1024px\" \/><\/figure>\n<\/div>\n\n<div class=\"wp-block-image\">\n<figure class=\"aligncenter size-large\"><img loading=\"lazy\" decoding=\"async\" width=\"683\" height=\"1024\" src=\"https:\/\/www.miller-pressen.de\/wp-content\/uploads\/2022\/10\/Werkzeugsatz1-683x1024.jpg\" alt=\"\" class=\"wp-image-252\" srcset=\"https:\/\/www.miller-pressen.de\/wp-content\/uploads\/2022\/10\/Werkzeugsatz1-683x1024.jpg 683w, https:\/\/www.miller-pressen.de\/wp-content\/uploads\/2022\/10\/Werkzeugsatz1-200x300.jpg 200w, https:\/\/www.miller-pressen.de\/wp-content\/uploads\/2022\/10\/Werkzeugsatz1.jpg 768w\" sizes=\"auto, (max-width: 683px) 100vw, 683px\" \/><\/figure>\n<\/div>","protected":false},"excerpt":{"rendered":"<p>33 teiliger Werkzeusatz f\u00fcr die meisten Standard Clinch Fasteners, bzw. Einpresselemente inklusive einer J-Werkzeugaufnahme f\u00fcr schwer zug\u00e4ngliche Einpresspositionen<\/p>\n","protected":false},"author":1,"featured_media":0,"parent":0,"menu_order":0,"comment_status":"closed","ping_status":"closed","template":"","meta":{"footnotes":""},"class_list":["post-144","page","type-page","status-publish","hentry"],"_links":{"self":[{"href":"https:\/\/www.miller-pressen.de\/index.php?rest_route=\/wp\/v2\/pages\/144","targetHints":{"allow":["GET"]}}],"collection":[{"href":"https:\/\/www.miller-pressen.de\/index.php?rest_route=\/wp\/v2\/pages"}],"about":[{"href":"https:\/\/www.miller-pressen.de\/index.php?rest_route=\/wp\/v2\/types\/page"}],"author":[{"embeddable":true,"href":"https:\/\/www.miller-pressen.de\/index.php?rest_route=\/wp\/v2\/users\/1"}],"replies":[{"embeddable":true,"href":"https:\/\/www.miller-pressen.de\/index.php?rest_route=%2Fwp%2Fv2%2Fcomments&post=144"}],"version-history":[{"count":6,"href":"https:\/\/www.miller-pressen.de\/index.php?rest_route=\/wp\/v2\/pages\/144\/revisions"}],"predecessor-version":[{"id":286,"href":"https:\/\/www.miller-pressen.de\/index.php?rest_route=\/wp\/v2\/pages\/144\/revisions\/286"}],"wp:attachment":[{"href":"https:\/\/www.miller-pressen.de\/index.php?rest_route=%2Fwp%2Fv2%2Fmedia&parent=144"}],"curies":[{"name":"wp","href":"https:\/\/api.w.org\/{rel}","templated":true}]}}