{"id":157,"date":"2021-04-17T21:13:52","date_gmt":"2021-04-17T19:13:52","guid":{"rendered":"https:\/\/www.miller-pressen.de\/?page_id=157"},"modified":"2022-10-04T12:51:07","modified_gmt":"2022-10-04T10:51:07","slug":"automatisierung","status":"publish","type":"page","link":"https:\/\/www.miller-pressen.de\/?page_id=157","title":{"rendered":"Automatisierung"},"content":{"rendered":"\n<h4 class=\"wp-block-heading\">F\u00fcr die Einpressmaschinen von Miller Pressen gibt es eine gro\u00dfe Auswahl an Komponenten um Ihre Einpressmaschine effizienter zu gestalten.<\/h4>\n\n\n\n<h3 class=\"wp-block-heading\">Der Schwingf\u00f6rderer <\/h3>\n\n\n\n<h5 class=\"wp-block-heading\">Die Standartgr\u00f6\u00dfe ist f\u00fcr die meisten Einpresselemente und Blindnietmuttern geeignet. Durch den Austausch der am Auslauf angebrachten Vereinzelung, wird der R\u00fctteltopf auf das zu f\u00f6rdernde Befestigungselement angepasst. <\/h5>\n\n\n<div class=\"wp-block-image\">\n<figure class=\"aligncenter size-large is-resized\"><img loading=\"lazy\" decoding=\"async\" src=\"https:\/\/www.miller-pressen.de\/wp-content\/uploads\/2021\/04\/MP_Schwingfoerderer-576x1024.jpg\" alt=\"\" class=\"wp-image-139\" width=\"285\" height=\"506\" srcset=\"https:\/\/www.miller-pressen.de\/wp-content\/uploads\/2021\/04\/MP_Schwingfoerderer-576x1024.jpg 576w, https:\/\/www.miller-pressen.de\/wp-content\/uploads\/2021\/04\/MP_Schwingfoerderer-169x300.jpg 169w, https:\/\/www.miller-pressen.de\/wp-content\/uploads\/2021\/04\/MP_Schwingfoerderer-rotated.jpg 768w\" sizes=\"auto, (max-width: 285px) 100vw, 285px\" \/><figcaption>Automatischer Teilef\u00f6rderer<\/figcaption><\/figure>\n<\/div>\n\n\n<h3 class=\"wp-block-heading\">Werkzeugkarussel <\/h3>\n\n\n\n<h5 class=\"wp-block-heading\">f\u00fcr 4 verschiedene Clinch Fasteners &#8211; Einpresselemente mit Positionsausgabe f\u00fcr die intelligente Touch Screen Steuerung<\/h5>\n\n\n<div class=\"wp-block-image\">\n<figure class=\"aligncenter size-large is-resized\"><a href=\"https:\/\/www.miller-pressen.de\/?page_id=169\"><img loading=\"lazy\" decoding=\"async\" src=\"https:\/\/www.miller-pressen.de\/wp-content\/uploads\/2021\/04\/MP_Karussel-Solo2-1.jpg\" alt=\"\" class=\"wp-image-158\" width=\"610\" height=\"480\" srcset=\"https:\/\/www.miller-pressen.de\/wp-content\/uploads\/2021\/04\/MP_Karussel-Solo2-1.jpg 974w, https:\/\/www.miller-pressen.de\/wp-content\/uploads\/2021\/04\/MP_Karussel-Solo2-1-300x237.jpg 300w, https:\/\/www.miller-pressen.de\/wp-content\/uploads\/2021\/04\/MP_Karussel-Solo2-1-768x606.jpg 768w\" sizes=\"auto, (max-width: 610px) 100vw, 610px\" \/><\/a><figcaption>elektronisches Werkzeugkarussel<\/figcaption><\/figure>\n<\/div>\n\n\n<h4 class=\"wp-block-heading\">Teilezuf\u00fchrung von oben f\u00fcr Gewindeeinpress-buchsen und Gewindeeinpressbolzen <\/h4>\n\n\n<div class=\"wp-block-image\">\n<figure class=\"aligncenter size-large\"><a href=\"https:\/\/www.miller-pressen.de\/?page_id=179\"><img loading=\"lazy\" decoding=\"async\" width=\"1024\" height=\"768\" src=\"https:\/\/www.miller-pressen.de\/wp-content\/uploads\/2021\/04\/Zufuehrung-oben5-1-1024x768.jpg\" alt=\"\" class=\"wp-image-159\" srcset=\"https:\/\/www.miller-pressen.de\/wp-content\/uploads\/2021\/04\/Zufuehrung-oben5-1-1024x768.jpg 1024w, https:\/\/www.miller-pressen.de\/wp-content\/uploads\/2021\/04\/Zufuehrung-oben5-1-300x225.jpg 300w, https:\/\/www.miller-pressen.de\/wp-content\/uploads\/2021\/04\/Zufuehrung-oben5-1-768x576.jpg 768w, https:\/\/www.miller-pressen.de\/wp-content\/uploads\/2021\/04\/Zufuehrung-oben5-1-1536x1152.jpg 1536w, https:\/\/www.miller-pressen.de\/wp-content\/uploads\/2021\/04\/Zufuehrung-oben5-1-2048x1536.jpg 2048w, https:\/\/www.miller-pressen.de\/wp-content\/uploads\/2021\/04\/Zufuehrung-oben5-1-1200x900.jpg 1200w, https:\/\/www.miller-pressen.de\/wp-content\/uploads\/2021\/04\/Zufuehrung-oben5-1-1980x1485.jpg 1980w\" sizes=\"auto, (max-width: 1024px) 100vw, 1024px\" \/><\/a><figcaption>obere (shuttle) Zuf\u00fchrung<\/figcaption><\/figure>\n<\/div>\n\n\n<h4 class=\"wp-block-heading\">Zuf\u00fchrung von unten f\u00fcr S-Muttern, Kalei-Muttern, F-Muttern und \u00e4hnlichen Befestigungselementen<\/h4>\n\n\n<div class=\"wp-block-image\">\n<figure class=\"aligncenter size-large\"><a href=\"https:\/\/www.miller-pressen.de\/?page_id=194\"><img loading=\"lazy\" decoding=\"async\" width=\"1024\" height=\"576\" src=\"https:\/\/www.miller-pressen.de\/wp-content\/uploads\/2021\/04\/Z-WZunten-4-1024x576.jpg\" alt=\"\" class=\"wp-image-160\" srcset=\"https:\/\/www.miller-pressen.de\/wp-content\/uploads\/2021\/04\/Z-WZunten-4-1024x576.jpg 1024w, https:\/\/www.miller-pressen.de\/wp-content\/uploads\/2021\/04\/Z-WZunten-4-300x169.jpg 300w, https:\/\/www.miller-pressen.de\/wp-content\/uploads\/2021\/04\/Z-WZunten-4-768x432.jpg 768w, https:\/\/www.miller-pressen.de\/wp-content\/uploads\/2021\/04\/Z-WZunten-4-1536x864.jpg 1536w, https:\/\/www.miller-pressen.de\/wp-content\/uploads\/2021\/04\/Z-WZunten-4-2048x1152.jpg 2048w, https:\/\/www.miller-pressen.de\/wp-content\/uploads\/2021\/04\/Z-WZunten-4-1200x675.jpg 1200w, https:\/\/www.miller-pressen.de\/wp-content\/uploads\/2021\/04\/Z-WZunten-4-1980x1114.jpg 1980w\" sizes=\"auto, (max-width: 1024px) 100vw, 1024px\" \/><\/a><figcaption>unter Teilezuf\u00fchrung<\/figcaption><\/figure>\n<\/div>","protected":false},"excerpt":{"rendered":"<p>F\u00fcr die Einpressmaschinen von Miller Pressen gibt es eine gro\u00dfe Auswahl an Komponenten um Ihre Einpressmaschine effizienter zu gestalten. Der Schwingf\u00f6rderer Die Standartgr\u00f6\u00dfe ist f\u00fcr die meisten Einpresselemente und Blindnietmuttern geeignet. Durch den Austausch der am Auslauf angebrachten Vereinzelung, wird der R\u00fctteltopf auf das zu f\u00f6rdernde Befestigungselement angepasst. Werkzeugkarussel f\u00fcr 4 verschiedene Clinch Fasteners &#8211; [&hellip;]<\/p>\n","protected":false},"author":1,"featured_media":0,"parent":0,"menu_order":0,"comment_status":"closed","ping_status":"closed","template":"","meta":{"footnotes":""},"class_list":["post-157","page","type-page","status-publish","hentry"],"_links":{"self":[{"href":"https:\/\/www.miller-pressen.de\/index.php?rest_route=\/wp\/v2\/pages\/157","targetHints":{"allow":["GET"]}}],"collection":[{"href":"https:\/\/www.miller-pressen.de\/index.php?rest_route=\/wp\/v2\/pages"}],"about":[{"href":"https:\/\/www.miller-pressen.de\/index.php?rest_route=\/wp\/v2\/types\/page"}],"author":[{"embeddable":true,"href":"https:\/\/www.miller-pressen.de\/index.php?rest_route=\/wp\/v2\/users\/1"}],"replies":[{"embeddable":true,"href":"https:\/\/www.miller-pressen.de\/index.php?rest_route=%2Fwp%2Fv2%2Fcomments&post=157"}],"version-history":[{"count":6,"href":"https:\/\/www.miller-pressen.de\/index.php?rest_route=\/wp\/v2\/pages\/157\/revisions"}],"predecessor-version":[{"id":248,"href":"https:\/\/www.miller-pressen.de\/index.php?rest_route=\/wp\/v2\/pages\/157\/revisions\/248"}],"wp:attachment":[{"href":"https:\/\/www.miller-pressen.de\/index.php?rest_route=%2Fwp%2Fv2%2Fmedia&parent=157"}],"curies":[{"name":"wp","href":"https:\/\/api.w.org\/{rel}","templated":true}]}}