{"id":179,"date":"2021-04-17T22:46:42","date_gmt":"2021-04-17T20:46:42","guid":{"rendered":"https:\/\/www.miller-pressen.de\/?page_id=179"},"modified":"2022-10-04T15:06:52","modified_gmt":"2022-10-04T13:06:52","slug":"zufuehrung-oben","status":"publish","type":"page","link":"https:\/\/www.miller-pressen.de\/?page_id=179","title":{"rendered":"Zuf\u00fchrung oben"},"content":{"rendered":"\n<h5 class=\"wp-block-heading\">Miller Pressen bietet eine Vielzahl von verschiedenen M\u00f6glichkeiten die Installation von Einpresselementen zu optimieren. Eine M\u00f6glichkeit ist die automatische Zuf\u00fchrung der Einpresselemente.<\/h5>\n\n\n\n<h4 class=\"wp-block-heading\">Zuf\u00fchrung von Clinch Fasteners von oben<\/h4>\n\n\n\n<figure class=\"wp-block-gallery aligncenter has-nested-images columns-default is-cropped wp-block-gallery-1 is-layout-flex wp-block-gallery-is-layout-flex\">\n<figure class=\"wp-block-image size-large\"><img loading=\"lazy\" decoding=\"async\" width=\"1024\" height=\"768\" data-id=\"182\" src=\"https:\/\/www.miller-pressen.de\/wp-content\/uploads\/2021\/04\/Zufuehrung-oben5-1024x768.jpg\" alt=\"\" class=\"wp-image-182\" srcset=\"https:\/\/www.miller-pressen.de\/wp-content\/uploads\/2021\/04\/Zufuehrung-oben5-1024x768.jpg 1024w, https:\/\/www.miller-pressen.de\/wp-content\/uploads\/2021\/04\/Zufuehrung-oben5-300x225.jpg 300w, https:\/\/www.miller-pressen.de\/wp-content\/uploads\/2021\/04\/Zufuehrung-oben5-768x576.jpg 768w, https:\/\/www.miller-pressen.de\/wp-content\/uploads\/2021\/04\/Zufuehrung-oben5-1536x1152.jpg 1536w, https:\/\/www.miller-pressen.de\/wp-content\/uploads\/2021\/04\/Zufuehrung-oben5-2048x1536.jpg 2048w, https:\/\/www.miller-pressen.de\/wp-content\/uploads\/2021\/04\/Zufuehrung-oben5-1200x900.jpg 1200w, https:\/\/www.miller-pressen.de\/wp-content\/uploads\/2021\/04\/Zufuehrung-oben5-1980x1485.jpg 1980w\" sizes=\"auto, (max-width: 1024px) 100vw, 1024px\" \/><\/figure>\n\n\n\n<figure class=\"wp-block-image size-large\"><img loading=\"lazy\" decoding=\"async\" width=\"1024\" height=\"768\" data-id=\"183\" src=\"https:\/\/www.miller-pressen.de\/wp-content\/uploads\/2021\/04\/Zufuehrung-oben5-1-1-1024x768.jpg\" alt=\"\" class=\"wp-image-183\" srcset=\"https:\/\/www.miller-pressen.de\/wp-content\/uploads\/2021\/04\/Zufuehrung-oben5-1-1-1024x768.jpg 1024w, https:\/\/www.miller-pressen.de\/wp-content\/uploads\/2021\/04\/Zufuehrung-oben5-1-1-300x225.jpg 300w, https:\/\/www.miller-pressen.de\/wp-content\/uploads\/2021\/04\/Zufuehrung-oben5-1-1-768x576.jpg 768w, https:\/\/www.miller-pressen.de\/wp-content\/uploads\/2021\/04\/Zufuehrung-oben5-1-1-1536x1152.jpg 1536w, https:\/\/www.miller-pressen.de\/wp-content\/uploads\/2021\/04\/Zufuehrung-oben5-1-1-2048x1536.jpg 2048w, https:\/\/www.miller-pressen.de\/wp-content\/uploads\/2021\/04\/Zufuehrung-oben5-1-1-1200x900.jpg 1200w, https:\/\/www.miller-pressen.de\/wp-content\/uploads\/2021\/04\/Zufuehrung-oben5-1-1-1980x1485.jpg 1980w\" sizes=\"auto, (max-width: 1024px) 100vw, 1024px\" \/><\/figure>\n<\/figure>\n\n\n<div class=\"wp-block-image\">\n<figure class=\"aligncenter size-large\"><img loading=\"lazy\" decoding=\"async\" width=\"1024\" height=\"576\" src=\"https:\/\/www.miller-pressen.de\/wp-content\/uploads\/2021\/04\/Zufuehrung-oben1-1024x576.jpg\" alt=\"\" class=\"wp-image-180\" srcset=\"https:\/\/www.miller-pressen.de\/wp-content\/uploads\/2021\/04\/Zufuehrung-oben1-1024x576.jpg 1024w, https:\/\/www.miller-pressen.de\/wp-content\/uploads\/2021\/04\/Zufuehrung-oben1-300x169.jpg 300w, https:\/\/www.miller-pressen.de\/wp-content\/uploads\/2021\/04\/Zufuehrung-oben1-768x432.jpg 768w, https:\/\/www.miller-pressen.de\/wp-content\/uploads\/2021\/04\/Zufuehrung-oben1-1536x864.jpg 1536w, https:\/\/www.miller-pressen.de\/wp-content\/uploads\/2021\/04\/Zufuehrung-oben1-1200x675.jpg 1200w, https:\/\/www.miller-pressen.de\/wp-content\/uploads\/2021\/04\/Zufuehrung-oben1.jpg 1920w\" sizes=\"auto, (max-width: 1024px) 100vw, 1024px\" \/><\/figure>\n<\/div>\n\n\n<h5 class=\"wp-block-heading\">Als Beispiel eine Einpressgewindebuchse TSO-M3-8-VZ<\/h5>\n\n\n<div class=\"wp-block-image\">\n<figure class=\"aligncenter size-large\"><img loading=\"lazy\" decoding=\"async\" width=\"576\" height=\"1024\" src=\"https:\/\/www.miller-pressen.de\/wp-content\/uploads\/2021\/04\/Zufuehrung-oben2-576x1024.jpg\" alt=\"\" class=\"wp-image-181\" srcset=\"https:\/\/www.miller-pressen.de\/wp-content\/uploads\/2021\/04\/Zufuehrung-oben2-576x1024.jpg 576w, https:\/\/www.miller-pressen.de\/wp-content\/uploads\/2021\/04\/Zufuehrung-oben2-169x300.jpg 169w, https:\/\/www.miller-pressen.de\/wp-content\/uploads\/2021\/04\/Zufuehrung-oben2-768x1365.jpg 768w, https:\/\/www.miller-pressen.de\/wp-content\/uploads\/2021\/04\/Zufuehrung-oben2-864x1536.jpg 864w, https:\/\/www.miller-pressen.de\/wp-content\/uploads\/2021\/04\/Zufuehrung-oben2-rotated.jpg 1080w\" sizes=\"auto, (max-width: 576px) 100vw, 576px\" \/><\/figure>\n<\/div>\n\n\n<p><\/p>\n","protected":false},"excerpt":{"rendered":"<p>Miller Pressen bietet eine Vielzahl von verschiedenen M\u00f6glichkeiten die Installation von Einpresselementen zu optimieren. Eine M\u00f6glichkeit ist die automatische Zuf\u00fchrung der Einpresselemente. Zuf\u00fchrung von Clinch Fasteners von oben Als Beispiel eine Einpressgewindebuchse TSO-M3-8-VZ<\/p>\n","protected":false},"author":1,"featured_media":0,"parent":0,"menu_order":0,"comment_status":"closed","ping_status":"closed","template":"","meta":{"footnotes":""},"class_list":["post-179","page","type-page","status-publish","hentry"],"_links":{"self":[{"href":"https:\/\/www.miller-pressen.de\/index.php?rest_route=\/wp\/v2\/pages\/179","targetHints":{"allow":["GET"]}}],"collection":[{"href":"https:\/\/www.miller-pressen.de\/index.php?rest_route=\/wp\/v2\/pages"}],"about":[{"href":"https:\/\/www.miller-pressen.de\/index.php?rest_route=\/wp\/v2\/types\/page"}],"author":[{"embeddable":true,"href":"https:\/\/www.miller-pressen.de\/index.php?rest_route=\/wp\/v2\/users\/1"}],"replies":[{"embeddable":true,"href":"https:\/\/www.miller-pressen.de\/index.php?rest_route=%2Fwp%2Fv2%2Fcomments&post=179"}],"version-history":[{"count":10,"href":"https:\/\/www.miller-pressen.de\/index.php?rest_route=\/wp\/v2\/pages\/179\/revisions"}],"predecessor-version":[{"id":288,"href":"https:\/\/www.miller-pressen.de\/index.php?rest_route=\/wp\/v2\/pages\/179\/revisions\/288"}],"wp:attachment":[{"href":"https:\/\/www.miller-pressen.de\/index.php?rest_route=%2Fwp%2Fv2%2Fmedia&parent=179"}],"curies":[{"name":"wp","href":"https:\/\/api.w.org\/{rel}","templated":true}]}}