{"id":194,"date":"2021-04-17T23:15:48","date_gmt":"2021-04-17T21:15:48","guid":{"rendered":"https:\/\/www.miller-pressen.de\/?page_id=194"},"modified":"2022-10-04T15:07:28","modified_gmt":"2022-10-04T13:07:28","slug":"zufuehrung-unten","status":"publish","type":"page","link":"https:\/\/www.miller-pressen.de\/?page_id=194","title":{"rendered":"Zuf\u00fchrung unten"},"content":{"rendered":"\n<h4 class=\"wp-block-heading\">Miller Pressen bitet eine Vielzahl von verschieden M\u00f6glichkeiten die Installtion von Einpresselementen zu optimieren. Eine M\u00f6glichkeit ist die automatische Zuf\u00fchrung der Einpresselemnte.<\/h4>\n\n\n\n<figure class=\"wp-block-gallery aligncenter has-nested-images columns-default is-cropped wp-block-gallery-1 is-layout-flex wp-block-gallery-is-layout-flex\">\n<figure class=\"wp-block-image size-large\"><img loading=\"lazy\" decoding=\"async\" width=\"1024\" height=\"576\" data-id=\"196\" src=\"https:\/\/www.miller-pressen.de\/wp-content\/uploads\/2021\/04\/Z-WZunten-1-1024x576.jpg\" alt=\"\" class=\"wp-image-196\" srcset=\"https:\/\/www.miller-pressen.de\/wp-content\/uploads\/2021\/04\/Z-WZunten-1-1024x576.jpg 1024w, https:\/\/www.miller-pressen.de\/wp-content\/uploads\/2021\/04\/Z-WZunten-1-300x169.jpg 300w, https:\/\/www.miller-pressen.de\/wp-content\/uploads\/2021\/04\/Z-WZunten-1-768x432.jpg 768w, https:\/\/www.miller-pressen.de\/wp-content\/uploads\/2021\/04\/Z-WZunten-1-1536x864.jpg 1536w, https:\/\/www.miller-pressen.de\/wp-content\/uploads\/2021\/04\/Z-WZunten-1-2048x1152.jpg 2048w, https:\/\/www.miller-pressen.de\/wp-content\/uploads\/2021\/04\/Z-WZunten-1-1200x675.jpg 1200w, https:\/\/www.miller-pressen.de\/wp-content\/uploads\/2021\/04\/Z-WZunten-1-1980x1114.jpg 1980w\" sizes=\"auto, (max-width: 1024px) 100vw, 1024px\" \/><\/figure>\n\n\n\n<figure class=\"wp-block-image size-large\"><img loading=\"lazy\" decoding=\"async\" width=\"1024\" height=\"576\" data-id=\"197\" src=\"https:\/\/www.miller-pressen.de\/wp-content\/uploads\/2021\/04\/Z-WZunten-4-1-1024x576.jpg\" alt=\"\" class=\"wp-image-197\" srcset=\"https:\/\/www.miller-pressen.de\/wp-content\/uploads\/2021\/04\/Z-WZunten-4-1-1024x576.jpg 1024w, https:\/\/www.miller-pressen.de\/wp-content\/uploads\/2021\/04\/Z-WZunten-4-1-300x169.jpg 300w, https:\/\/www.miller-pressen.de\/wp-content\/uploads\/2021\/04\/Z-WZunten-4-1-768x432.jpg 768w, https:\/\/www.miller-pressen.de\/wp-content\/uploads\/2021\/04\/Z-WZunten-4-1-1536x864.jpg 1536w, https:\/\/www.miller-pressen.de\/wp-content\/uploads\/2021\/04\/Z-WZunten-4-1-2048x1152.jpg 2048w, https:\/\/www.miller-pressen.de\/wp-content\/uploads\/2021\/04\/Z-WZunten-4-1-1200x675.jpg 1200w, https:\/\/www.miller-pressen.de\/wp-content\/uploads\/2021\/04\/Z-WZunten-4-1-1980x1114.jpg 1980w\" sizes=\"auto, (max-width: 1024px) 100vw, 1024px\" \/><\/figure>\n\n\n\n<figure class=\"wp-block-image size-large\"><img loading=\"lazy\" decoding=\"async\" width=\"1024\" height=\"576\" data-id=\"198\" src=\"https:\/\/www.miller-pressen.de\/wp-content\/uploads\/2021\/04\/Z-WZunten-2-1024x576.jpg\" alt=\"\" class=\"wp-image-198\" srcset=\"https:\/\/www.miller-pressen.de\/wp-content\/uploads\/2021\/04\/Z-WZunten-2-1024x576.jpg 1024w, https:\/\/www.miller-pressen.de\/wp-content\/uploads\/2021\/04\/Z-WZunten-2-300x169.jpg 300w, https:\/\/www.miller-pressen.de\/wp-content\/uploads\/2021\/04\/Z-WZunten-2-768x432.jpg 768w, https:\/\/www.miller-pressen.de\/wp-content\/uploads\/2021\/04\/Z-WZunten-2-1536x864.jpg 1536w, https:\/\/www.miller-pressen.de\/wp-content\/uploads\/2021\/04\/Z-WZunten-2-2048x1152.jpg 2048w, https:\/\/www.miller-pressen.de\/wp-content\/uploads\/2021\/04\/Z-WZunten-2-1200x675.jpg 1200w, https:\/\/www.miller-pressen.de\/wp-content\/uploads\/2021\/04\/Z-WZunten-2-1980x1114.jpg 1980w\" sizes=\"auto, (max-width: 1024px) 100vw, 1024px\" \/><\/figure>\n<\/figure>\n\n\n\n<h5 class=\"wp-block-heading\">F\u00fcr die Zuf\u00fchrung von Eimpressmuttern die von unten in Bleche euingepresst werden bieten wir eine spezielle Zuf\u00fchrung der Eipresselemente von der Unterseite an. <\/h5>\n\n\n\n<h5 class=\"wp-block-heading\">Hierbei werden die Einpressmuttern von der Werkst\u00fcck-Unterseite in die Einpressmaschine zugef\u00fchrt und das Werkst\u00fcck dar\u00fcber positioniert. Beim Einpresen wir das Blech auf die Mutter gepresst. Durch die Presskraft wird die Verzahnung der Befestigungselemente in das Grundmaterial eingepresst und das \u00fcbersch\u00fcssige Material flie\u00dft in den Hinterschnitt der Einpressmutter. Dadurch wird zum einen die Verdrehsicherheit gew\u00e4hrleistet und zum anderen erh\u00e4lt das Einpresselemt durch das in den Hinterschnitt geflossene Material eine feste Verankerung im Werkst\u00fcck. <\/h5>\n\n\n\n<p><\/p>\n","protected":false},"excerpt":{"rendered":"<p>Miller Pressen bitet eine Vielzahl von verschieden M\u00f6glichkeiten die Installtion von Einpresselementen zu optimieren. Eine M\u00f6glichkeit ist die automatische Zuf\u00fchrung der Einpresselemnte. F\u00fcr die Zuf\u00fchrung von Eimpressmuttern die von unten in Bleche euingepresst werden bieten wir eine spezielle Zuf\u00fchrung der Eipresselemente von der Unterseite an. Hierbei werden die Einpressmuttern von der Werkst\u00fcck-Unterseite in die Einpressmaschine [&hellip;]<\/p>\n","protected":false},"author":1,"featured_media":0,"parent":0,"menu_order":0,"comment_status":"closed","ping_status":"closed","template":"","meta":{"footnotes":""},"class_list":["post-194","page","type-page","status-publish","hentry"],"_links":{"self":[{"href":"https:\/\/www.miller-pressen.de\/index.php?rest_route=\/wp\/v2\/pages\/194","targetHints":{"allow":["GET"]}}],"collection":[{"href":"https:\/\/www.miller-pressen.de\/index.php?rest_route=\/wp\/v2\/pages"}],"about":[{"href":"https:\/\/www.miller-pressen.de\/index.php?rest_route=\/wp\/v2\/types\/page"}],"author":[{"embeddable":true,"href":"https:\/\/www.miller-pressen.de\/index.php?rest_route=\/wp\/v2\/users\/1"}],"replies":[{"embeddable":true,"href":"https:\/\/www.miller-pressen.de\/index.php?rest_route=%2Fwp%2Fv2%2Fcomments&post=194"}],"version-history":[{"count":5,"href":"https:\/\/www.miller-pressen.de\/index.php?rest_route=\/wp\/v2\/pages\/194\/revisions"}],"predecessor-version":[{"id":289,"href":"https:\/\/www.miller-pressen.de\/index.php?rest_route=\/wp\/v2\/pages\/194\/revisions\/289"}],"wp:attachment":[{"href":"https:\/\/www.miller-pressen.de\/index.php?rest_route=%2Fwp%2Fv2%2Fmedia&parent=194"}],"curies":[{"name":"wp","href":"https:\/\/api.w.org\/{rel}","templated":true}]}}