{"id":57,"date":"2021-04-16T17:10:35","date_gmt":"2021-04-16T15:10:35","guid":{"rendered":"https:\/\/www.miller-pressen.de\/?page_id=57"},"modified":"2021-04-17T12:18:06","modified_gmt":"2021-04-17T10:18:06","slug":"impressum","status":"publish","type":"page","link":"https:\/\/www.miller-pressen.de\/?page_id=57","title":{"rendered":"Impressum"},"content":{"rendered":"\n<h2 class=\"wp-block-heading\">Miller Pressen GmbH<\/h2>\n\n\n\n<p>Sitz des Unternehmens:<br>Unterdorfstr. 3<br>86637 Villenbach<br>Deutschland<\/p>\n\n\n\n<p>Gesch\u00e4ftsf\u00fchrer:<br>Peter J. L\u00fcrkens<\/p>\n\n\n\n<p>Amtsgericht Augsburg<br>HRB 35791<\/p>\n\n\n\n<p>USt-ID Nr.:<br>DE 340830451<\/p>\n\n\n\n<p>Kontakt:<br>Telefon +49 8296 285 99 95<br>Fax\u00a0\u00a0\u00a0\u00a0\u00a0\u00a0 +49 8296\u00a0285 99 99<br>Mail\u00a0\u00a0\u00a0\u00a0\u00a0\u00a0\u00a0 <a href=\"mailto:info@miller-pressen.de\">info(at)miller-pressen.de<\/a><\/p>\n\n\n\n<p>Wichtige Hinweise:<\/p>\n\n\n\n<p><strong>Haftung f\u00fcr Inhalte<\/strong><br>Die Inhalte unserer Seiten wurden mit gr\u00f6\u00dfter Sorgfalt erstellt. F\u00fcr die Richtigkeit, Vollst\u00e4ndigkeit und&nbsp; Aktualit\u00e4t der Inhalte \u00fcbernehmen wir&nbsp; jedoch keine Gew\u00e4hr. Als Anbieter sind wir gem\u00e4\u00df \u00a7 7&nbsp; Abs.1 TMG f\u00fcr eigene Inhalte auf diesen Seiten nach den allgemeinen&nbsp; Gesetzen verantwortlich. Nach \u00a7 8 bis \u00a710 TMG sind wir als&nbsp; Anbieter jedoch nicht verpflichtet, \u00fcbermittelte oder&nbsp; gespeicherte fremde Informationen zu \u00fcberwachen oder nach Umst\u00e4nden zu&nbsp; forschen, die auf eine rechtswidrige T\u00e4tigkeit hinweisen.&nbsp; Verpflichtungen zur Entfernung oder Sperrung der Nutzung von&nbsp; Informationen nach den allgemeinen Gesetzen bleiben hiervon unber\u00fchrt.&nbsp; Eine diesbez\u00fcgliche Haftung ist erst ab dem Zeitpunkt der&nbsp; Kenntnis einer konkreten Rechtsverletzung m\u00f6glich. Bei bekannt werden&nbsp; von entsprechenden Rechtsverletzungen werden wir diese Inhalte umgehend&nbsp; entfernen.<\/p>\n\n\n\n<p><strong>Haftung f\u00fcr Links<\/strong><br>Unser Angebot enth\u00e4lt Links zu externen Webseiten Dritter, auf deren Inhalte wir keinen Einfluss haben. Deshalb k\u00f6nnen wir f\u00fcr diese fremden Inhalte keine Gew\u00e4hr \u00fcbernehmen. F\u00fcr die Inhalte der verlinkten&nbsp; Seiten ist stets der jeweilige Anbieter oder Betreiber der Seiten&nbsp; verantwortlich. Die verlinkten Seiten wurden zum Zeitpunkt der&nbsp; Verlinkung auf m\u00f6gliche Rechtsverst\u00f6\u00dfe \u00fcberpr\u00fcft. Rechtswidrige Inhalte&nbsp; waren zum Zeitpunkt der Verlinkung nicht erkennbar. Eine permanente&nbsp; inhaltliche Kontrolle der verlinkten Seiten ist jedoch ohne konkrete&nbsp; Anhaltspunkte einer Rechtsverletzung nicht zumutbar. Bei bekannt werden&nbsp; von Rechtsverletzungen werden wir derartige Links umgehend entfernen.<\/p>\n\n\n\n<p><strong>Urheberrecht<\/strong><br>Die durch die Seitenbetreiber erstellten Inhalte und Werke auf&nbsp; diesen Seiten unterliegen dem deutschen Urheberrecht. Beitr\u00e4ge Dritter&nbsp; sind als solche gekennzeichnet. Die Vervielf\u00e4ltigung, Bearbeitung,&nbsp; Verbreitung und jede Art der Verwertung au\u00dferhalb der Grenzen des&nbsp; Urheberrechtes bed\u00fcrfen der schriftlichen Zustimmung des jeweiligen&nbsp; Autors bzw. Erstellers. Downloads und Kopien dieser Seite sind nur f\u00fcr den privaten, nicht kommerziellen Gebrauch gestattet. Die Betreiber der&nbsp; Seiten sind bem\u00fcht, stets die Urheberrechte anderer zu beachten bzw. auf selbst erstellte sowie lizenzfreie Werke zur\u00fcckzugreifen.<\/p>\n\n\n\n<p><strong>Datenschutz<\/strong><br>Soweit auf unseren Seiten personenbezogene Daten (beispielsweise&nbsp; Name, Anschrift oder Email-Adressen) erhoben werden, erfolgt dies soweit m\u00f6glich stets auf freiwilliger Basis. Die Nutzung der Angebote und&nbsp; Dienste ist, soweit m\u00f6glich, stets ohne Angabe personenbezogener Daten&nbsp; m\u00f6glich. Wir weisen darauf hin, dass die Daten\u00fcbertragung im Internet&nbsp; (z.B. bei der Kommunikation per E-Mail) Sicherheitsl\u00fccken aufweisen&nbsp; kann. Ein l\u00fcckenloser Schutz der Daten vor dem Zugriff durch Dritte ist&nbsp; nicht m\u00f6glich. Der Nutzung von im Rahmen der Impressumspflicht&nbsp; ver\u00f6ffentlichten Kontaktdaten durch Dritte zur \u00dcbersendung von nicht&nbsp; ausdr\u00fccklich angeforderter Werbung und Informationsmaterialien wird&nbsp; hiermit ausdr\u00fccklich widersprochen. Die Betreiber der Seiten behalten&nbsp; sich ausdr\u00fccklich rechtliche Schritte im Falle der unverlangten&nbsp; Zusendung von Werbeinformationen, etwa durch Spam-Mails, vor.<\/p>\n\n\n\n<p>Quelle: Disclaimer von eRecht24.de<\/p>\n","protected":false},"excerpt":{"rendered":"<p>Miller Pressen GmbH Sitz des Unternehmens:Unterdorfstr. 386637 VillenbachDeutschland Gesch\u00e4ftsf\u00fchrer:Peter J. L\u00fcrkens Amtsgericht AugsburgHRB 35791 USt-ID Nr.:DE 340830451 Kontakt:Telefon +49 8296 285 99 95Fax\u00a0\u00a0\u00a0\u00a0\u00a0\u00a0 +49 8296\u00a0285 99 99Mail\u00a0\u00a0\u00a0\u00a0\u00a0\u00a0\u00a0 info(at)miller-pressen.de Wichtige Hinweise: Haftung f\u00fcr InhalteDie Inhalte unserer Seiten wurden mit gr\u00f6\u00dfter Sorgfalt erstellt. F\u00fcr die Richtigkeit, Vollst\u00e4ndigkeit und&nbsp; Aktualit\u00e4t der Inhalte \u00fcbernehmen wir&nbsp; jedoch keine Gew\u00e4hr. Als [&hellip;]<\/p>\n","protected":false},"author":1,"featured_media":0,"parent":0,"menu_order":0,"comment_status":"closed","ping_status":"closed","template":"","meta":{"footnotes":""},"class_list":["post-57","page","type-page","status-publish","hentry"],"_links":{"self":[{"href":"https:\/\/www.miller-pressen.de\/index.php?rest_route=\/wp\/v2\/pages\/57","targetHints":{"allow":["GET"]}}],"collection":[{"href":"https:\/\/www.miller-pressen.de\/index.php?rest_route=\/wp\/v2\/pages"}],"about":[{"href":"https:\/\/www.miller-pressen.de\/index.php?rest_route=\/wp\/v2\/types\/page"}],"author":[{"embeddable":true,"href":"https:\/\/www.miller-pressen.de\/index.php?rest_route=\/wp\/v2\/users\/1"}],"replies":[{"embeddable":true,"href":"https:\/\/www.miller-pressen.de\/index.php?rest_route=%2Fwp%2Fv2%2Fcomments&post=57"}],"version-history":[{"count":2,"href":"https:\/\/www.miller-pressen.de\/index.php?rest_route=\/wp\/v2\/pages\/57\/revisions"}],"predecessor-version":[{"id":121,"href":"https:\/\/www.miller-pressen.de\/index.php?rest_route=\/wp\/v2\/pages\/57\/revisions\/121"}],"wp:attachment":[{"href":"https:\/\/www.miller-pressen.de\/index.php?rest_route=%2Fwp%2Fv2%2Fmedia&parent=57"}],"curies":[{"name":"wp","href":"https:\/\/api.w.org\/{rel}","templated":true}]}}