{"id":63,"date":"2021-04-16T17:53:58","date_gmt":"2021-04-16T15:53:58","guid":{"rendered":"https:\/\/www.miller-pressen.de\/?page_id=63"},"modified":"2023-10-07T12:53:14","modified_gmt":"2023-10-07T10:53:14","slug":"mp645-s","status":"publish","type":"page","link":"https:\/\/www.miller-pressen.de\/?page_id=63","title":{"rendered":"MP 645 E"},"content":{"rendered":"\n<h5 class=\"wp-block-heading\">Hydraulische Einpressmaschine mit 6 Tonnen Presskraft, 450 mm Ausladung<\/h5>\n\n\n\n<p>Kosteng\u00fcnstige und qualitative hochwertige Einpressmaschine f\u00fcr universelle Anwendungen. <\/p>\n\n\n\n<p>Die Maschine hat eine kleine SPS mit Bildschirm f\u00fcr die Zahleinrichtung und Einstellung der Einpressparameter. Die Einpresskraft wird manuell eingestellt.<\/p>\n\n\n\n<figure class=\"wp-block-gallery aligncenter has-nested-images columns-default is-cropped wp-block-gallery-1 is-layout-flex wp-block-gallery-is-layout-flex\">\n<figure class=\"wp-block-image size-large\"><img loading=\"lazy\" decoding=\"async\" width=\"683\" height=\"1024\" data-id=\"265\" src=\"https:\/\/www.miller-pressen.de\/wp-content\/uploads\/2022\/10\/MP645-S2-683x1024.jpg\" alt=\"\" class=\"wp-image-265\" srcset=\"https:\/\/www.miller-pressen.de\/wp-content\/uploads\/2022\/10\/MP645-S2-683x1024.jpg 683w, https:\/\/www.miller-pressen.de\/wp-content\/uploads\/2022\/10\/MP645-S2-200x300.jpg 200w, https:\/\/www.miller-pressen.de\/wp-content\/uploads\/2022\/10\/MP645-S2.jpg 768w\" sizes=\"auto, (max-width: 683px) 100vw, 683px\" \/><\/figure>\n\n\n\n<figure class=\"wp-block-image size-large\"><img loading=\"lazy\" decoding=\"async\" width=\"374\" height=\"1024\" data-id=\"328\" src=\"https:\/\/www.miller-pressen.de\/wp-content\/uploads\/2023\/10\/MP645E-frei-374x1024.png\" alt=\"\" class=\"wp-image-328\" srcset=\"https:\/\/www.miller-pressen.de\/wp-content\/uploads\/2023\/10\/MP645E-frei-374x1024.png 374w, https:\/\/www.miller-pressen.de\/wp-content\/uploads\/2023\/10\/MP645E-frei-768x2105.png 768w, https:\/\/www.miller-pressen.de\/wp-content\/uploads\/2023\/10\/MP645E-frei-747x2048.png 747w, https:\/\/www.miller-pressen.de\/wp-content\/uploads\/2023\/10\/MP645E-frei-1200x3289.png 1200w, https:\/\/www.miller-pressen.de\/wp-content\/uploads\/2023\/10\/MP645E-frei.png 1716w\" sizes=\"auto, (max-width: 374px) 100vw, 374px\" \/><\/figure>\n\n\n\n<figure class=\"wp-block-image size-large\"><img loading=\"lazy\" decoding=\"async\" width=\"683\" height=\"1024\" data-id=\"343\" src=\"https:\/\/www.miller-pressen.de\/wp-content\/uploads\/2023\/10\/K1024_0S1A4337-683x1024.jpg\" alt=\"\" class=\"wp-image-343\" srcset=\"https:\/\/www.miller-pressen.de\/wp-content\/uploads\/2023\/10\/K1024_0S1A4337-683x1024.jpg 683w, https:\/\/www.miller-pressen.de\/wp-content\/uploads\/2023\/10\/K1024_0S1A4337-200x300.jpg 200w, https:\/\/www.miller-pressen.de\/wp-content\/uploads\/2023\/10\/K1024_0S1A4337.jpg 768w\" sizes=\"auto, (max-width: 683px) 100vw, 683px\" \/><\/figure>\n<\/figure>\n\n\n\n<p>Optional kann die Maschine mit einer automatischen Zuf\u00fchrung und \/ oder einem manuellen Werkzeugkreuz ausger\u00fcstet werden.<\/p>\n\n\n\n<h4 class=\"wp-block-heading has-text-align-center\">Technische Daten MP 645 E<\/h4>\n\n\n\n<figure class=\"wp-block-table\"><table><tbody><tr><td><strong>Abma\u00dfe (LxBxH)<\/strong><\/td><td><strong>1060x960x2000 mm<\/strong><\/td><\/tr><tr><td><strong>Gewicht<\/strong><\/td><td><strong>630 Kg<\/strong><\/td><\/tr><tr><td><strong>C-B\u00fcgel \u00d6ffnung<\/strong><\/td><td><strong>450mm<\/strong><\/td><\/tr><tr><td><strong>C-B\u00fcgel H\u00f6he<\/strong><\/td><td><strong>400mm<\/strong><\/td><\/tr><tr><td><strong>Zylinderhub<\/strong><\/td><td><strong>200mm<\/strong><\/td><\/tr><tr><td><strong>Geschwindigkeit<\/strong><\/td><td><strong>1200Zyklen\/Stunde<\/strong><\/td><\/tr><tr><td><strong>Presskraft<\/strong><\/td><td><strong>2-56 KN<\/strong><\/td><\/tr><tr><td><strong>Wiederholgenauigkeit<\/strong><\/td><td><strong>+\/-1%<\/strong><\/td><\/tr><tr><td><strong>Anschluss Strom<\/strong><\/td><td><strong>380 V, 50\/60 Hz<\/strong><\/td><\/tr><tr><td><strong>Leistung<\/strong><\/td><td><strong>2,2 KW<\/strong><\/td><\/tr><\/tbody><\/table><\/figure>\n","protected":false},"excerpt":{"rendered":"<p>Hydraulische Einpressmaschine mit 6 Tonnen Presskraft, 450 mm Ausladung Kosteng\u00fcnstige und qualitative hochwertige Einpressmaschine f\u00fcr universelle Anwendungen. Die Maschine hat eine kleine SPS mit Bildschirm f\u00fcr die Zahleinrichtung und Einstellung der Einpressparameter. Die Einpresskraft wird manuell eingestellt. Optional kann die Maschine mit einer automatischen Zuf\u00fchrung und \/ oder einem manuellen Werkzeugkreuz ausger\u00fcstet werden. Technische Daten [&hellip;]<\/p>\n","protected":false},"author":1,"featured_media":0,"parent":0,"menu_order":0,"comment_status":"closed","ping_status":"closed","template":"","meta":{"footnotes":""},"class_list":["post-63","page","type-page","status-publish","hentry"],"_links":{"self":[{"href":"https:\/\/www.miller-pressen.de\/index.php?rest_route=\/wp\/v2\/pages\/63","targetHints":{"allow":["GET"]}}],"collection":[{"href":"https:\/\/www.miller-pressen.de\/index.php?rest_route=\/wp\/v2\/pages"}],"about":[{"href":"https:\/\/www.miller-pressen.de\/index.php?rest_route=\/wp\/v2\/types\/page"}],"author":[{"embeddable":true,"href":"https:\/\/www.miller-pressen.de\/index.php?rest_route=\/wp\/v2\/users\/1"}],"replies":[{"embeddable":true,"href":"https:\/\/www.miller-pressen.de\/index.php?rest_route=%2Fwp%2Fv2%2Fcomments&post=63"}],"version-history":[{"count":10,"href":"https:\/\/www.miller-pressen.de\/index.php?rest_route=\/wp\/v2\/pages\/63\/revisions"}],"predecessor-version":[{"id":360,"href":"https:\/\/www.miller-pressen.de\/index.php?rest_route=\/wp\/v2\/pages\/63\/revisions\/360"}],"wp:attachment":[{"href":"https:\/\/www.miller-pressen.de\/index.php?rest_route=%2Fwp%2Fv2%2Fmedia&parent=63"}],"curies":[{"name":"wp","href":"https:\/\/api.w.org\/{rel}","templated":true}]}}