{"id":73,"date":"2021-04-16T18:04:00","date_gmt":"2021-04-16T16:04:00","guid":{"rendered":"https:\/\/www.miller-pressen.de\/?page_id=73"},"modified":"2023-10-05T18:59:31","modified_gmt":"2023-10-05T16:59:31","slug":"mp10650-s","status":"publish","type":"page","link":"https:\/\/www.miller-pressen.de\/?page_id=73","title":{"rendered":"MP1065 TCe"},"content":{"rendered":"\n<h5 class=\"wp-block-heading\">Hydraulische Einpressmaschine mit 10 Tonnen Presskraft und 650 mm Ausladung <\/h5>\n\n\n\n<p>Die Maschine ist mit einer Touch-Screen-Steuerung ausger\u00fcstet, die das Speichern von bis zu 1.000 Artikeldaten und \u00fcber 100 Programmen erm\u00f6glicht. <\/p>\n\n\n\n<p>Alle gespeicherten Parameter, inklusive Einpressdruck und Verweilzeit werden automatisch aufgerufen und eingestellt.<\/p>\n\n\n\n<p>Optional mit automatischer Zuf\u00fchrung per Shuttle zum Stempel, oder von der Blechunterseite auf die Matrize.<\/p>\n\n\n\n<p>Elektronisches Werkzeugkreuz, die Steuerung stellt die gespeicherten Parameter entsprechend dem gew\u00e4hlten Werkzeug automatisch ein. Bis zu 4 verschiedene Datens\u00e4tze k\u00f6nnen je Programm gespeichert und verarbeitet werden. <\/p>\n\n\n\n<div class=\"wp-block-columns is-layout-flex wp-container-core-columns-is-layout-9d6595d7 wp-block-columns-is-layout-flex\">\n<div class=\"wp-block-column is-vertically-aligned-center is-layout-flow wp-block-column-is-layout-flow\" style=\"flex-basis:100%\">\n<div class=\"wp-block-columns is-layout-flex wp-container-core-columns-is-layout-9d6595d7 wp-block-columns-is-layout-flex\">\n<div class=\"wp-block-column is-layout-flow wp-block-column-is-layout-flow\" style=\"flex-basis:100%\">\n<figure class=\"wp-block-gallery has-nested-images columns-default is-cropped wp-block-gallery-1 is-layout-flex wp-block-gallery-is-layout-flex\">\n<figure class=\"wp-block-image size-large\"><img loading=\"lazy\" decoding=\"async\" width=\"480\" height=\"1024\" data-id=\"340\" src=\"https:\/\/www.miller-pressen.de\/wp-content\/uploads\/2023\/10\/MP1065TCe-1-480x1024.png\" alt=\"\" class=\"wp-image-340\" srcset=\"https:\/\/www.miller-pressen.de\/wp-content\/uploads\/2023\/10\/MP1065TCe-1-480x1024.png 480w, https:\/\/www.miller-pressen.de\/wp-content\/uploads\/2023\/10\/MP1065TCe-1-141x300.png 141w, https:\/\/www.miller-pressen.de\/wp-content\/uploads\/2023\/10\/MP1065TCe-1-768x1638.png 768w, https:\/\/www.miller-pressen.de\/wp-content\/uploads\/2023\/10\/MP1065TCe-1-720x1536.png 720w, https:\/\/www.miller-pressen.de\/wp-content\/uploads\/2023\/10\/MP1065TCe-1-960x2048.png 960w, https:\/\/www.miller-pressen.de\/wp-content\/uploads\/2023\/10\/MP1065TCe-1-1200x2560.png 1200w, https:\/\/www.miller-pressen.de\/wp-content\/uploads\/2023\/10\/MP1065TCe-1-1980x4224.png 1980w\" sizes=\"auto, (max-width: 480px) 100vw, 480px\" \/><\/figure>\n<\/figure>\n<\/div>\n<\/div>\n<\/div>\n<\/div>\n\n\n\n<h4 class=\"wp-block-heading has-text-align-center\">Technische Daten MP 1065-E<\/h4>\n\n\n\n<figure class=\"wp-block-table\"><table><tbody><tr><td><strong>Abma\u00dfe (LxBxH)<\/strong><\/td><td><strong>1555x1070x2140 mm<\/strong><\/td><\/tr><tr><td><strong>Gewicht<\/strong><\/td><td><strong>1250 Kg<\/strong><\/td><\/tr><tr><td><strong>C-B\u00fcgel \u00d6ffnung<\/strong><\/td><td><strong>650mm<\/strong><\/td><\/tr><tr><td><strong>C-B\u00fcgel H\u00f6he<\/strong><\/td><td><strong>500mm<\/strong><\/td><\/tr><tr><td><strong>Zylinderhub<\/strong><\/td><td><strong>200mm<\/strong><\/td><\/tr><tr><td><strong>Geschwindigkeit<\/strong><\/td><td><strong>1200 Zyklen\/ Stunde<\/strong><\/td><\/tr><tr><td><strong>Max. Presskraft<\/strong><\/td><td><strong>2-97 KN<\/strong><\/td><\/tr><tr><td><strong>Wiederholgenauigkeit<\/strong><\/td><td><strong>+\/-1%<\/strong><\/td><\/tr><tr><td><strong>Anschluss Strom<\/strong><\/td><td><strong>400 V\/50Hz<\/strong><\/td><\/tr><tr><td><strong>Leistung<\/strong><\/td><td><strong>3,5 KW<\/strong><\/td><\/tr><\/tbody><\/table><\/figure>\n","protected":false},"excerpt":{"rendered":"<p>Hydraulische Einpressmaschine mit 10 Tonnen Presskraft und 650 mm Ausladung Die Maschine ist mit einer Touch-Screen-Steuerung ausger\u00fcstet, die das Speichern von bis zu 1.000 Artikeldaten und \u00fcber 100 Programmen erm\u00f6glicht. Alle gespeicherten Parameter, inklusive Einpressdruck und Verweilzeit werden automatisch aufgerufen und eingestellt. Optional mit automatischer Zuf\u00fchrung per Shuttle zum Stempel, oder von der Blechunterseite auf [&hellip;]<\/p>\n","protected":false},"author":1,"featured_media":0,"parent":0,"menu_order":0,"comment_status":"closed","ping_status":"closed","template":"","meta":{"footnotes":""},"class_list":["post-73","page","type-page","status-publish","hentry"],"_links":{"self":[{"href":"https:\/\/www.miller-pressen.de\/index.php?rest_route=\/wp\/v2\/pages\/73","targetHints":{"allow":["GET"]}}],"collection":[{"href":"https:\/\/www.miller-pressen.de\/index.php?rest_route=\/wp\/v2\/pages"}],"about":[{"href":"https:\/\/www.miller-pressen.de\/index.php?rest_route=\/wp\/v2\/types\/page"}],"author":[{"embeddable":true,"href":"https:\/\/www.miller-pressen.de\/index.php?rest_route=\/wp\/v2\/users\/1"}],"replies":[{"embeddable":true,"href":"https:\/\/www.miller-pressen.de\/index.php?rest_route=%2Fwp%2Fv2%2Fcomments&post=73"}],"version-history":[{"count":10,"href":"https:\/\/www.miller-pressen.de\/index.php?rest_route=\/wp\/v2\/pages\/73\/revisions"}],"predecessor-version":[{"id":350,"href":"https:\/\/www.miller-pressen.de\/index.php?rest_route=\/wp\/v2\/pages\/73\/revisions\/350"}],"wp:attachment":[{"href":"https:\/\/www.miller-pressen.de\/index.php?rest_route=%2Fwp%2Fv2%2Fmedia&parent=73"}],"curies":[{"name":"wp","href":"https:\/\/api.w.org\/{rel}","templated":true}]}}