{"id":82,"date":"2021-04-16T18:28:46","date_gmt":"2021-04-16T16:28:46","guid":{"rendered":"https:\/\/www.miller-pressen.de\/?page_id=82"},"modified":"2023-10-05T18:58:50","modified_gmt":"2023-10-05T16:58:50","slug":"mp-645-tsc","status":"publish","type":"page","link":"https:\/\/www.miller-pressen.de\/?page_id=82","title":{"rendered":"MP 645 TCe"},"content":{"rendered":"\n<h5 class=\"wp-block-heading\">Einpressmaschine mit 6 Tonnen Presskraft, 450 mm Ausladung und Touch Screen Steuerung<\/h5>\n\n\n\n<p>Die Maschine ist mit einer Touch-Screen-Steuerung ausger\u00fcstet, die das Speichern von bis zu 1.000 Artikeldaten und \u00fcber 100 Programmen erm\u00f6glicht.<\/p>\n\n\n\n<p>Alle gespeicherten Parameter, inklusive Einpressdruck und Verweilzeit werden automatisch aufgerufen und eingestellt.<\/p>\n\n\n\n<p>Optional mit automatischer Zuf\u00fchrung per Shuttle zum Stempel, oder von der Blechunterseite auf die Matrize.<\/p>\n\n\n\n<p>Elektronisches Werkzeugkreuz, die Steuerung stellt die gespeicherten Parameter entsprechend dem gew\u00e4hlten Werkzeug automatisch ein. Bis zu 4 verschiedene Datens\u00e4tze k\u00f6nnen je Programm gespeichert und verarbeitet werden.<\/p>\n\n\n\n<figure class=\"wp-block-gallery has-nested-images columns-default is-cropped wp-block-gallery-1 is-layout-flex wp-block-gallery-is-layout-flex\">\n<figure class=\"wp-block-image size-large\"><img loading=\"lazy\" decoding=\"async\" width=\"439\" height=\"1024\" data-id=\"346\" src=\"https:\/\/www.miller-pressen.de\/wp-content\/uploads\/2023\/10\/MP645-Bergh-1-1-439x1024.png\" alt=\"\" class=\"wp-image-346\" srcset=\"https:\/\/www.miller-pressen.de\/wp-content\/uploads\/2023\/10\/MP645-Bergh-1-1-439x1024.png 439w, https:\/\/www.miller-pressen.de\/wp-content\/uploads\/2023\/10\/MP645-Bergh-1-1-129x300.png 129w, https:\/\/www.miller-pressen.de\/wp-content\/uploads\/2023\/10\/MP645-Bergh-1-1-768x1791.png 768w, https:\/\/www.miller-pressen.de\/wp-content\/uploads\/2023\/10\/MP645-Bergh-1-1-659x1536.png 659w, https:\/\/www.miller-pressen.de\/wp-content\/uploads\/2023\/10\/MP645-Bergh-1-1.png 834w\" sizes=\"auto, (max-width: 439px) 100vw, 439px\" \/><figcaption class=\"wp-element-caption\">Miller Presse, 6 Tonnen, 450mm Ausladung Touch Screen Control<\/figcaption><\/figure>\n<\/figure>\n\n\n\n<h4 class=\"wp-block-heading has-text-align-center\">Technische Daten MP 645-TSC<\/h4>\n\n\n\n<figure class=\"wp-block-table\"><table><tbody><tr><td><strong>Abma\u00dfe (LxBxH)<\/strong><\/td><td><strong>1060x960x2000 mm<\/strong><\/td><\/tr><tr><td><strong>Gewicht<\/strong><\/td><td><strong>650 Kg<\/strong><\/td><\/tr><tr><td><strong>C-B\u00fcgel \u00d6ffnung<\/strong><\/td><td><strong>450mm<\/strong><\/td><\/tr><tr><td><strong>C-B\u00fcgel H\u00f6he<\/strong><\/td><td><strong>400mm<\/strong><\/td><\/tr><tr><td><strong>Zylinderhub<\/strong><\/td><td><strong>200mm<\/strong><\/td><\/tr><tr><td><strong>Geschwindigkeit<\/strong><\/td><td><strong>1200 Zyklen\/Stunde<\/strong><\/td><\/tr><tr><td><strong>Max. Presskraft<\/strong><\/td><td><strong>2-56 KN<\/strong><\/td><\/tr><tr><td><strong>Wiederholgenauigkeit<\/strong><\/td><td><strong>+\/-1%<\/strong><\/td><\/tr><tr><td><strong>Anschluss Strom<\/strong><\/td><td><strong>380 V, 50\/60 Hz<\/strong><\/td><\/tr><tr><td><strong>Leistung<\/strong><\/td><td><strong>2,2 KW<\/strong><\/td><\/tr><\/tbody><\/table><\/figure>\n","protected":false},"excerpt":{"rendered":"<p>Einpressmaschine mit 6 Tonnen Presskraft, 450 mm Ausladung und Touch Screen Steuerung Die Maschine ist mit einer Touch-Screen-Steuerung ausger\u00fcstet, die das Speichern von bis zu 1.000 Artikeldaten und \u00fcber 100 Programmen erm\u00f6glicht. Alle gespeicherten Parameter, inklusive Einpressdruck und Verweilzeit werden automatisch aufgerufen und eingestellt. Optional mit automatischer Zuf\u00fchrung per Shuttle zum Stempel, oder von der [&hellip;]<\/p>\n","protected":false},"author":1,"featured_media":0,"parent":0,"menu_order":0,"comment_status":"closed","ping_status":"closed","template":"","meta":{"footnotes":""},"class_list":["post-82","page","type-page","status-publish","hentry"],"_links":{"self":[{"href":"https:\/\/www.miller-pressen.de\/index.php?rest_route=\/wp\/v2\/pages\/82","targetHints":{"allow":["GET"]}}],"collection":[{"href":"https:\/\/www.miller-pressen.de\/index.php?rest_route=\/wp\/v2\/pages"}],"about":[{"href":"https:\/\/www.miller-pressen.de\/index.php?rest_route=\/wp\/v2\/types\/page"}],"author":[{"embeddable":true,"href":"https:\/\/www.miller-pressen.de\/index.php?rest_route=\/wp\/v2\/users\/1"}],"replies":[{"embeddable":true,"href":"https:\/\/www.miller-pressen.de\/index.php?rest_route=%2Fwp%2Fv2%2Fcomments&post=82"}],"version-history":[{"count":9,"href":"https:\/\/www.miller-pressen.de\/index.php?rest_route=\/wp\/v2\/pages\/82\/revisions"}],"predecessor-version":[{"id":348,"href":"https:\/\/www.miller-pressen.de\/index.php?rest_route=\/wp\/v2\/pages\/82\/revisions\/348"}],"wp:attachment":[{"href":"https:\/\/www.miller-pressen.de\/index.php?rest_route=%2Fwp%2Fv2%2Fmedia&parent=82"}],"curies":[{"name":"wp","href":"https:\/\/api.w.org\/{rel}","templated":true}]}}