{"id":89,"date":"2021-04-16T18:53:38","date_gmt":"2021-04-16T16:53:38","guid":{"rendered":"https:\/\/www.miller-pressen.de\/?page_id=89"},"modified":"2023-10-09T12:05:53","modified_gmt":"2023-10-09T10:05:53","slug":"home","status":"publish","type":"page","link":"https:\/\/www.miller-pressen.de\/","title":{"rendered":"Miller Einpressmaschinen"},"content":{"rendered":"\n<div class=\"wp-block-group\"><div class=\"wp-block-group__inner-container is-layout-flow wp-block-group-is-layout-flow\">\n<div class=\"wp-block-columns is-layout-flex wp-container-core-columns-is-layout-9d6595d7 wp-block-columns-is-layout-flex\">\n<div class=\"wp-block-column is-layout-flow wp-block-column-is-layout-flow\" style=\"flex-basis:100%\">\n<h4 class=\"wp-block-heading alignfull\">Miller Pressen, Hydraulische Einpressanlagen f\u00fcr die wirtschaftliche Installation von Clinch Fasteners<\/h4>\n\n\n\n<figure class=\"wp-block-image size-large\"><img loading=\"lazy\" decoding=\"async\" width=\"1024\" height=\"768\" src=\"https:\/\/www.miller-pressen.de\/wp-content\/uploads\/2023\/10\/20230906_190116-1024x768.jpg\" alt=\"\" class=\"wp-image-362\" srcset=\"https:\/\/www.miller-pressen.de\/wp-content\/uploads\/2023\/10\/20230906_190116-1024x768.jpg 1024w, https:\/\/www.miller-pressen.de\/wp-content\/uploads\/2023\/10\/20230906_190116-300x225.jpg 300w, https:\/\/www.miller-pressen.de\/wp-content\/uploads\/2023\/10\/20230906_190116-768x576.jpg 768w, https:\/\/www.miller-pressen.de\/wp-content\/uploads\/2023\/10\/20230906_190116-1536x1152.jpg 1536w, https:\/\/www.miller-pressen.de\/wp-content\/uploads\/2023\/10\/20230906_190116-2048x1536.jpg 2048w, https:\/\/www.miller-pressen.de\/wp-content\/uploads\/2023\/10\/20230906_190116-1200x900.jpg 1200w, https:\/\/www.miller-pressen.de\/wp-content\/uploads\/2023\/10\/20230906_190116-1980x1485.jpg 1980w\" sizes=\"auto, (max-width: 1024px) 100vw, 1024px\" \/><\/figure>\n\n\n\n<p style=\"font-size:22px\"><strong>Die Miller Pressen GmbH hat sich spezialisiert auf die Entwicklung von Einpressmaschinen f\u00fcr die Installation von Clinch Einpresselementen. Unser Produktspektrum reicht von der kosteng\u00fcnstigen Standard-Maschine mit manueller Einstellung f\u00fcr einfache Anforderungen bis zu leistungsf\u00e4higen Einpressmaschinen mit automatischer Teilezuf\u00fchrung, Touch Screen Steuerung und Werkzeugwechselsystemen mit automatischem Parame<\/strong><strong>teraufruf von bis zu 100 verschieden Datens\u00e4tzen. Unsere Maschinen k\u00f6nnen und werden unter anderem mit automatischer Werkst\u00fcck-Zuf\u00fchrung oder Handling &#8211; Robotern eingesetzt.<\/strong><\/p>\n\n\n\n<figure class=\"wp-block-image size-large\"><img loading=\"lazy\" decoding=\"async\" width=\"1024\" height=\"791\" src=\"https:\/\/www.miller-pressen.de\/wp-content\/uploads\/2023\/10\/Range-5-inkl_860-2-1024x791.jpg\" alt=\"\" class=\"wp-image-333\" srcset=\"https:\/\/www.miller-pressen.de\/wp-content\/uploads\/2023\/10\/Range-5-inkl_860-2-1024x791.jpg 1024w, https:\/\/www.miller-pressen.de\/wp-content\/uploads\/2023\/10\/Range-5-inkl_860-2-300x232.jpg 300w, https:\/\/www.miller-pressen.de\/wp-content\/uploads\/2023\/10\/Range-5-inkl_860-2-768x593.jpg 768w, https:\/\/www.miller-pressen.de\/wp-content\/uploads\/2023\/10\/Range-5-inkl_860-2-1536x1186.jpg 1536w, https:\/\/www.miller-pressen.de\/wp-content\/uploads\/2023\/10\/Range-5-inkl_860-2-2048x1582.jpg 2048w, https:\/\/www.miller-pressen.de\/wp-content\/uploads\/2023\/10\/Range-5-inkl_860-2-1200x927.jpg 1200w, https:\/\/www.miller-pressen.de\/wp-content\/uploads\/2023\/10\/Range-5-inkl_860-2-1980x1529.jpg 1980w\" sizes=\"auto, (max-width: 1024px) 100vw, 1024px\" \/><\/figure>\n<\/div>\n<\/div>\n<\/div><\/div>\n\n\n\n<figure class=\"wp-block-gallery aligncenter has-nested-images columns-3 is-cropped wp-block-gallery-1 is-layout-flex wp-block-gallery-is-layout-flex\"><\/figure>\n\n\n\n<h5 class=\"wp-block-heading\">Unsere Hydraulischen Einpressanlagen, alle Vorteile auf einen Blick:<\/h5>\n\n\n\n<ul class=\"wp-block-list\">\n<li><strong>Garantierte, dauerhafte Zuverl\u00e4ssigkeit durch den Einsatz hochwertiger Komponenten<\/strong><\/li>\n\n\n\n<li><strong>Einfache Handhabung und kurze Umr\u00fcstzeit<\/strong><\/li>\n\n\n\n<li><strong>Geringer Wartungs- und Servicebedarf<\/strong><\/li>\n\n\n\n<li><strong>Aufgrund der Vielzahl von Anwendungsm\u00f6glichkeiten sehr flexibel<\/strong><\/li>\n\n\n\n<li><strong>Automatisches Zuf\u00fchrsystem, Touch Screen Steuerung usw. Optional erh\u00e4ltlich<\/strong><\/li>\n\n\n\n<li><strong>Energiesparendes, solides Design mit der Energieeffizienz eines Hydrauliksystems<\/strong><\/li>\n\n\n\n<li><strong>Elektronisches und mechanisches Sicherheitssystem, f\u00fcr die 100% sichere Verarbeitung von leitenden und nicht-leitenden Materialien<\/strong><\/li>\n\n\n\n<li><strong>Anschluss ans \u00fcbliche Stromnetz (400V)<\/strong><\/li>\n\n\n\n<li><strong>Verarbeitung aller g\u00e4ngigen Einpresselemente dank hoher Einpresskraft, Einpressmuttern bis M12, -Gewindebuchsen bis M10 -Gewindebolzen bis M10<\/strong><\/li>\n\n\n\n<li><strong>Kontinuierliche Einstellung der Einpresskraft, Wiederholgenauigkeit +\/-1%<\/strong><\/li>\n\n\n\n<li><strong>Geschwindigkeit bis zu 1200 Zyklen\/Stunde<\/strong><\/li>\n<\/ul>\n\n\n\n<p><\/p>\n","protected":false},"excerpt":{"rendered":"<p>Miller Pressen, Hydraulische Einpressanlagen f\u00fcr die wirtschaftliche Installation von Clinch Fasteners Die Miller Pressen GmbH hat sich spezialisiert auf die Entwicklung von Einpressmaschinen f\u00fcr die Installation von Clinch Einpresselementen. Unser Produktspektrum reicht von der kosteng\u00fcnstigen Standard-Maschine mit manueller Einstellung f\u00fcr einfache Anforderungen bis zu leistungsf\u00e4higen Einpressmaschinen mit automatischer Teilezuf\u00fchrung, Touch Screen Steuerung und Werkzeugwechselsystemen mit [&hellip;]<\/p>\n","protected":false},"author":1,"featured_media":0,"parent":0,"menu_order":0,"comment_status":"closed","ping_status":"closed","template":"","meta":{"footnotes":""},"class_list":["post-89","page","type-page","status-publish","hentry"],"_links":{"self":[{"href":"https:\/\/www.miller-pressen.de\/index.php?rest_route=\/wp\/v2\/pages\/89","targetHints":{"allow":["GET"]}}],"collection":[{"href":"https:\/\/www.miller-pressen.de\/index.php?rest_route=\/wp\/v2\/pages"}],"about":[{"href":"https:\/\/www.miller-pressen.de\/index.php?rest_route=\/wp\/v2\/types\/page"}],"author":[{"embeddable":true,"href":"https:\/\/www.miller-pressen.de\/index.php?rest_route=\/wp\/v2\/users\/1"}],"replies":[{"embeddable":true,"href":"https:\/\/www.miller-pressen.de\/index.php?rest_route=%2Fwp%2Fv2%2Fcomments&post=89"}],"version-history":[{"count":9,"href":"https:\/\/www.miller-pressen.de\/index.php?rest_route=\/wp\/v2\/pages\/89\/revisions"}],"predecessor-version":[{"id":363,"href":"https:\/\/www.miller-pressen.de\/index.php?rest_route=\/wp\/v2\/pages\/89\/revisions\/363"}],"wp:attachment":[{"href":"https:\/\/www.miller-pressen.de\/index.php?rest_route=%2Fwp%2Fv2%2Fmedia&parent=89"}],"curies":[{"name":"wp","href":"https:\/\/api.w.org\/{rel}","templated":true}]}}